{"id":361,"date":"2025-07-01T10:27:23","date_gmt":"2025-07-01T10:27:23","guid":{"rendered":"http:\/\/engelundherz.de\/?page_id=361"},"modified":"2025-07-05T09:38:08","modified_gmt":"2025-07-05T09:38:08","slug":"jetpack-forms","status":"publish","type":"page","link":"https:\/\/engelundherz.de\/?page_id=361","title":{"rendered":"Anfragen"},"content":{"rendered":"\n<p><em>Pers\u00f6nlich. Nah. Zuverl\u00e4ssig.<\/em><br>Wir sind f\u00fcr Sie da \u2013 ob per Anfrage oder ganz einfach telefonisch: <strong>Hotline 0174 \/ 5806844<\/strong><\/p>\n\n\n\n<p>Wir freuen uns auf Ihre Anfrage!<\/p>\n\n\n<div class=\"wp-block-jetpack-contact-form is-layout-flex wp-container-jetpack-contact-form-is-layout-faa3ad1c wp-block-contact-form-is-layout-flex\"><a href=\"https:\/\/engelundherz.de\/?page_id=361\" target=\"_blank\" rel=\"noopener noreferrer\">Formular einreichen.<\/a><\/div>\n\n\n<figure class=\"wp-block-image size-large has-custom-border is-style-default wp-duotone-unset-1\"><img data-recalc-dims=\"1\" loading=\"lazy\" decoding=\"async\" width=\"1024\" height=\"683\" data-attachment-id=\"646\" data-permalink=\"https:\/\/engelundherz.de\/?attachment_id=646\" data-orig-file=\"https:\/\/i0.wp.com\/engelundherz.de\/wp-content\/uploads\/2025\/07\/21c6bb1f-8089-417e-9b88-3b2444f270c9-1.png?fit=1536%2C1024&amp;ssl=1\" data-orig-size=\"1536,1024\" data-comments-opened=\"1\" data-image-meta=\"{&quot;aperture&quot;:&quot;0&quot;,&quot;credit&quot;:&quot;&quot;,&quot;camera&quot;:&quot;&quot;,&quot;caption&quot;:&quot;&quot;,&quot;created_timestamp&quot;:&quot;0&quot;,&quot;copyright&quot;:&quot;&quot;,&quot;focal_length&quot;:&quot;0&quot;,&quot;iso&quot;:&quot;0&quot;,&quot;shutter_speed&quot;:&quot;0&quot;,&quot;title&quot;:&quot;&quot;,&quot;orientation&quot;:&quot;0&quot;}\" data-image-title=\"21c6bb1f-8089-417e-9b88-3b2444f270c9-1.png\" data-image-description=\"\" data-image-caption=\"\" data-large-file=\"https:\/\/i0.wp.com\/engelundherz.de\/wp-content\/uploads\/2025\/07\/21c6bb1f-8089-417e-9b88-3b2444f270c9-1.png?fit=1024%2C683&amp;ssl=1\" src=\"https:\/\/i0.wp.com\/engelundherz.de\/wp-content\/uploads\/2025\/07\/21c6bb1f-8089-417e-9b88-3b2444f270c9-1.png?resize=1024%2C683&#038;ssl=1\" alt=\"\" class=\"wp-image-646\" style=\"border-style:none;border-width:0px;border-radius:0px\" srcset=\"https:\/\/i0.wp.com\/engelundherz.de\/wp-content\/uploads\/2025\/07\/21c6bb1f-8089-417e-9b88-3b2444f270c9-1.png?resize=1024%2C683&amp;ssl=1 1024w, https:\/\/i0.wp.com\/engelundherz.de\/wp-content\/uploads\/2025\/07\/21c6bb1f-8089-417e-9b88-3b2444f270c9-1.png?resize=300%2C200&amp;ssl=1 300w, https:\/\/i0.wp.com\/engelundherz.de\/wp-content\/uploads\/2025\/07\/21c6bb1f-8089-417e-9b88-3b2444f270c9-1.png?resize=768%2C512&amp;ssl=1 768w, https:\/\/i0.wp.com\/engelundherz.de\/wp-content\/uploads\/2025\/07\/21c6bb1f-8089-417e-9b88-3b2444f270c9-1.png?resize=930%2C620&amp;ssl=1 930w, https:\/\/i0.wp.com\/engelundherz.de\/wp-content\/uploads\/2025\/07\/21c6bb1f-8089-417e-9b88-3b2444f270c9-1.png?resize=1320%2C880&amp;ssl=1 1320w, https:\/\/i0.wp.com\/engelundherz.de\/wp-content\/uploads\/2025\/07\/21c6bb1f-8089-417e-9b88-3b2444f270c9-1.png?w=1536&amp;ssl=1 1536w\" sizes=\"auto, (max-width: 1024px) 100vw, 1024px\" \/><\/figure>\n\n\n\n<div style=\"height:42px\" aria-hidden=\"true\" class=\"wp-block-spacer\"><\/div>\n","protected":false},"excerpt":{"rendered":"<p>Pers\u00f6nlich. Nah. Zuverl\u00e4ssig.Wir sind f\u00fcr Sie da \u2013 ob per Anfrage oder ganz einfach telefonisch: Hotline 0174 \/ 5806844 Wir freuen uns auf Ihre Anfrage!<\/p>\n","protected":false},"author":1,"featured_media":378,"parent":0,"menu_order":0,"comment_status":"closed","ping_status":"closed","template":"","meta":{"neve_meta_sidebar":"","neve_meta_container":"","neve_meta_enable_content_width":"","neve_meta_content_width":0,"neve_meta_title_alignment":"","neve_meta_author_avatar":"","neve_post_elements_order":"","neve_meta_disable_header":"","neve_meta_disable_footer":"","neve_meta_disable_title":"","advanced_seo_description":"","jetpack_seo_html_title":"","jetpack_seo_noindex":false,"jetpack_post_was_ever_published":false,"footnotes":""},"class_list":["post-361","page","type-page","status-publish","has-post-thumbnail","hentry"],"jetpack_sharing_enabled":true,"_links":{"self":[{"href":"https:\/\/engelundherz.de\/index.php?rest_route=\/wp\/v2\/pages\/361","targetHints":{"allow":["GET"]}}],"collection":[{"href":"https:\/\/engelundherz.de\/index.php?rest_route=\/wp\/v2\/pages"}],"about":[{"href":"https:\/\/engelundherz.de\/index.php?rest_route=\/wp\/v2\/types\/page"}],"author":[{"embeddable":true,"href":"https:\/\/engelundherz.de\/index.php?rest_route=\/wp\/v2\/users\/1"}],"replies":[{"embeddable":true,"href":"https:\/\/engelundherz.de\/index.php?rest_route=%2Fwp%2Fv2%2Fcomments&post=361"}],"version-history":[{"count":10,"href":"https:\/\/engelundherz.de\/index.php?rest_route=\/wp\/v2\/pages\/361\/revisions"}],"predecessor-version":[{"id":649,"href":"https:\/\/engelundherz.de\/index.php?rest_route=\/wp\/v2\/pages\/361\/revisions\/649"}],"wp:featuredmedia":[{"embeddable":true,"href":"https:\/\/engelundherz.de\/index.php?rest_route=\/wp\/v2\/media\/378"}],"wp:attachment":[{"href":"https:\/\/engelundherz.de\/index.php?rest_route=%2Fwp%2Fv2%2Fmedia&parent=361"}],"curies":[{"name":"wp","href":"https:\/\/api.w.org\/{rel}","templated":true}]}}