{"id":509,"date":"2025-07-04T04:48:56","date_gmt":"2025-07-04T04:48:56","guid":{"rendered":"http:\/\/engelundherz.de\/?page_id=509"},"modified":"2025-07-09T13:34:11","modified_gmt":"2025-07-09T13:34:11","slug":"monats-abo","status":"publish","type":"page","link":"https:\/\/engelundherz.de\/?page_id=509","title":{"rendered":"Abo-Modell"},"content":{"rendered":"\n<div style=\"height:100px\" aria-hidden=\"true\" class=\"wp-block-spacer\"><\/div>\n\n\n\n<div class=\"wp-block-media-text is-stacked-on-mobile is-style-default\" style=\"grid-template-columns:20% auto\"><figure class=\"wp-block-media-text__media\"><img data-recalc-dims=\"1\" loading=\"lazy\" decoding=\"async\" width=\"200\" height=\"300\" data-attachment-id=\"499\" data-permalink=\"https:\/\/engelundherz.de\/?attachment_id=499\" data-orig-file=\"https:\/\/i0.wp.com\/engelundherz.de\/wp-content\/uploads\/2025\/07\/713b0615-ff47-4c06-997e-35fd11688b46-1.png?fit=1024%2C1536&amp;ssl=1\" data-orig-size=\"1024,1536\" data-comments-opened=\"1\" data-image-meta=\"{&quot;aperture&quot;:&quot;0&quot;,&quot;credit&quot;:&quot;&quot;,&quot;camera&quot;:&quot;&quot;,&quot;caption&quot;:&quot;&quot;,&quot;created_timestamp&quot;:&quot;0&quot;,&quot;copyright&quot;:&quot;&quot;,&quot;focal_length&quot;:&quot;0&quot;,&quot;iso&quot;:&quot;0&quot;,&quot;shutter_speed&quot;:&quot;0&quot;,&quot;title&quot;:&quot;&quot;,&quot;orientation&quot;:&quot;0&quot;}\" data-image-title=\"713b0615-ff47-4c06-997e-35fd11688b46-1.png\" data-image-description=\"\" data-image-caption=\"\" data-large-file=\"https:\/\/i0.wp.com\/engelundherz.de\/wp-content\/uploads\/2025\/07\/713b0615-ff47-4c06-997e-35fd11688b46-1.png?fit=683%2C1024&amp;ssl=1\" src=\"https:\/\/i0.wp.com\/engelundherz.de\/wp-content\/uploads\/2025\/07\/713b0615-ff47-4c06-997e-35fd11688b46-1.png?resize=200%2C300&#038;ssl=1\" alt=\"\" class=\"wp-image-499 size-full\" srcset=\"https:\/\/i0.wp.com\/engelundherz.de\/wp-content\/uploads\/2025\/07\/713b0615-ff47-4c06-997e-35fd11688b46-1.png?resize=200%2C300&amp;ssl=1 200w, https:\/\/i0.wp.com\/engelundherz.de\/wp-content\/uploads\/2025\/07\/713b0615-ff47-4c06-997e-35fd11688b46-1.png?resize=683%2C1024&amp;ssl=1 683w, https:\/\/i0.wp.com\/engelundherz.de\/wp-content\/uploads\/2025\/07\/713b0615-ff47-4c06-997e-35fd11688b46-1.png?resize=768%2C1152&amp;ssl=1 768w, https:\/\/i0.wp.com\/engelundherz.de\/wp-content\/uploads\/2025\/07\/713b0615-ff47-4c06-997e-35fd11688b46-1.png?w=1024&amp;ssl=1 1024w\" sizes=\"auto, (max-width: 200px) 100vw, 200px\" \/><\/figure><div class=\"wp-block-media-text__content\">\n<p><strong><strong>Individuelle Alltagshilfe mit Herz \u2013 pers\u00f6nlich, zuverl\u00e4ssig und nah f\u00fcr Menschen in jeder Lebenslage.<\/strong><\/strong><\/p>\n\n\n\n<p><strong><em>Warum ein Abo?<\/em><\/strong><\/p>\n\n\n\n<p>Viele Menschen ben\u00f6tigen regelm\u00e4\u00dfig Unterst\u00fctzung \u2013 nicht nur einmal im Monat.<\/p>\n\n\n\n<p>Mit unserem Abo-Modell bieten wir Ihnen planbare Hilfe, mehr Komfort und faire Konditionen.<\/p>\n<\/div><\/div>\n\n\n\n<p class=\"has-text-align-center\"><\/p>\n\n\n\n<p class=\"has-text-align-center\"><\/p>\n\n\n\n<p class=\"has-text-align-center\"><\/p>\n\n\n\n<div class=\"wp-block-cover aligncenter\" style=\"min-height:600px;aspect-ratio:unset;\"><span aria-hidden=\"true\" class=\"wp-block-cover__background has-nv-light-bg-background-color has-background-dim-100 has-background-dim\"><\/span><div class=\"wp-block-cover__inner-container is-layout-flow wp-block-cover-is-layout-flow\">\n<div class=\"wp-block-group\"><div class=\"wp-block-group__inner-container is-layout-flow wp-block-group-is-layout-flow\">\n<div class=\"wp-block-columns are-vertically-aligned-center is-layout-flex wp-container-core-columns-is-layout-9d6595d7 wp-block-columns-is-layout-flex\">\n<div class=\"wp-block-column is-vertically-aligned-center is-layout-flow wp-block-column-is-layout-flow\" style=\"padding-right:var(--wp--preset--spacing--30);padding-left:var(--wp--preset--spacing--30);flex-basis:50%\">\n<figure class=\"wp-block-image size-full is-resized has-custom-border is-style-rounded\"><img data-recalc-dims=\"1\" loading=\"lazy\" decoding=\"async\" width=\"950\" height=\"633\" data-attachment-id=\"484\" data-permalink=\"https:\/\/engelundherz.de\/?attachment_id=484\" data-orig-file=\"https:\/\/i0.wp.com\/engelundherz.de\/wp-content\/uploads\/2025\/07\/bce91732-7a58-472c-bdfa-a052c1184ed3-1-e1751544854925.png?fit=950%2C633&amp;ssl=1\" data-orig-size=\"950,633\" data-comments-opened=\"1\" data-image-meta=\"{&quot;aperture&quot;:&quot;0&quot;,&quot;credit&quot;:&quot;&quot;,&quot;camera&quot;:&quot;&quot;,&quot;caption&quot;:&quot;&quot;,&quot;created_timestamp&quot;:&quot;0&quot;,&quot;copyright&quot;:&quot;&quot;,&quot;focal_length&quot;:&quot;0&quot;,&quot;iso&quot;:&quot;0&quot;,&quot;shutter_speed&quot;:&quot;0&quot;,&quot;title&quot;:&quot;&quot;,&quot;orientation&quot;:&quot;0&quot;}\" data-image-title=\"bce91732-7a58-472c-bdfa-a052c1184ed3-1.png\" data-image-description=\"\" data-image-caption=\"\" data-large-file=\"https:\/\/i0.wp.com\/engelundherz.de\/wp-content\/uploads\/2025\/07\/bce91732-7a58-472c-bdfa-a052c1184ed3-1-e1751544854925.png?fit=1024%2C683&amp;ssl=1\" src=\"https:\/\/i0.wp.com\/engelundherz.de\/wp-content\/uploads\/2025\/07\/bce91732-7a58-472c-bdfa-a052c1184ed3-1-e1751544854925.png?resize=950%2C633&#038;ssl=1\" alt=\"\" class=\"wp-image-484\" style=\"border-radius:24px;width:363px;height:auto\"\/><\/figure>\n\n\n\n<hr class=\"wp-block-separator has-alpha-channel-opacity\"\/>\n\n\n\n<h3 class=\"wp-block-heading has-text-align-left has-neve-text-color-color has-text-color\">\ud83d\udc99 BASIS-ABO<\/h3>\n\n\n\n<p class=\"has-text-align-left has-neve-text-color-color has-text-color\">\ud83d\udc99 ABO \u2013 1 Std. w\u00f6chentlich einkaufen<br>\u2022 4 Stunden pro Monat<br>\u2022 An- und Abfahrt inklusive*<br>\u2022 Individuelle Einkaufsliste<br>\u2022 Auf Wunsch: Begleitung m\u00f6glich<br>\ud83d\udcc5 Preis: 119\u202f\u20ac \/ Monat<\/p>\n\n\n\n<p class=\"has-text-align-left has-neve-text-color-color has-text-color\"><\/p>\n\n\n\n<div class=\"wp-block-buttons has-custom-font-size has-small-font-size is-content-justification-left is-layout-flex wp-container-core-buttons-is-layout-fdcfc74e wp-block-buttons-is-layout-flex\">\n<div class=\"wp-block-button is-style-default\"><a class=\"wp-block-button__link has-nv-text-dark-bg-color has-neve-link-color-background-color has-text-color has-background has-link-color has-custom-font-size wp-element-button\" href=\"https:\/\/engelundherz.de\/?page_id=361\" style=\"font-size:16px\">Los<\/a><\/div>\n<\/div>\n\n\n\n<div style=\"height:40px\" aria-hidden=\"true\" class=\"wp-block-spacer\"><\/div>\n<\/div>\n\n\n\n<div class=\"wp-block-column is-vertically-aligned-center is-layout-flow wp-block-column-is-layout-flow\" style=\"padding-right:var(--wp--preset--spacing--30);padding-left:var(--wp--preset--spacing--30);flex-basis:50%\">\n<figure class=\"wp-block-image size-full is-resized has-custom-border\"><img data-recalc-dims=\"1\" loading=\"lazy\" decoding=\"async\" width=\"950\" height=\"633\" data-attachment-id=\"484\" data-permalink=\"https:\/\/engelundherz.de\/?attachment_id=484\" data-orig-file=\"https:\/\/i0.wp.com\/engelundherz.de\/wp-content\/uploads\/2025\/07\/bce91732-7a58-472c-bdfa-a052c1184ed3-1-e1751544854925.png?fit=950%2C633&amp;ssl=1\" data-orig-size=\"950,633\" data-comments-opened=\"1\" data-image-meta=\"{&quot;aperture&quot;:&quot;0&quot;,&quot;credit&quot;:&quot;&quot;,&quot;camera&quot;:&quot;&quot;,&quot;caption&quot;:&quot;&quot;,&quot;created_timestamp&quot;:&quot;0&quot;,&quot;copyright&quot;:&quot;&quot;,&quot;focal_length&quot;:&quot;0&quot;,&quot;iso&quot;:&quot;0&quot;,&quot;shutter_speed&quot;:&quot;0&quot;,&quot;title&quot;:&quot;&quot;,&quot;orientation&quot;:&quot;0&quot;}\" data-image-title=\"bce91732-7a58-472c-bdfa-a052c1184ed3-1.png\" data-image-description=\"\" data-image-caption=\"\" data-large-file=\"https:\/\/i0.wp.com\/engelundherz.de\/wp-content\/uploads\/2025\/07\/bce91732-7a58-472c-bdfa-a052c1184ed3-1-e1751544854925.png?fit=1024%2C683&amp;ssl=1\" src=\"https:\/\/i0.wp.com\/engelundherz.de\/wp-content\/uploads\/2025\/07\/bce91732-7a58-472c-bdfa-a052c1184ed3-1-e1751544854925.png?resize=950%2C633&#038;ssl=1\" alt=\"\" class=\"wp-image-484\" style=\"border-radius:24px;width:363px\"\/><\/figure>\n\n\n\n<hr class=\"wp-block-separator has-alpha-channel-opacity\"\/>\n\n\n\n<h3 class=\"wp-block-heading has-text-align-left has-neve-text-color-color has-text-color\">\ud83d\udc99 FLEX-ABO<\/h3>\n\n\n\n<p class=\"has-text-align-left has-neve-text-color-color has-text-color\">\ud83d\udc99 ABO \u2013 1,5 Std. w\u00f6chentlich einkaufen<br>\u2022 6 Stunden pro Monat<br>\u2022 An- und Abfahrt inklusive*<br>\u2022 Individuelle Einkaufsliste<br>\u2022 Auf Wunsch: Begleitung m\u00f6glich<br>\ud83d\udcc5 Preis: 179\u202f\u20ac \/ Monat<\/p>\n\n\n\n<p class=\"has-text-align-left has-neve-text-color-color has-text-color\"><\/p>\n\n\n\n<div class=\"wp-block-buttons has-custom-font-size has-small-font-size is-content-justification-left is-layout-flex wp-container-core-buttons-is-layout-fdcfc74e wp-block-buttons-is-layout-flex\">\n<div class=\"wp-block-button is-style-default\"><a class=\"wp-block-button__link has-nv-text-dark-bg-color has-neve-link-color-background-color has-text-color has-background has-link-color has-custom-font-size wp-element-button\" href=\"https:\/\/engelundherz.de\/?page_id=361\" style=\"font-size:16px\">Los<\/a><\/div>\n<\/div>\n\n\n\n<div style=\"height:40px\" aria-hidden=\"true\" class=\"wp-block-spacer\"><\/div>\n<\/div>\n\n\n\n<div class=\"wp-block-column is-vertically-aligned-center is-layout-flow wp-block-column-is-layout-flow\" style=\"padding-right:var(--wp--preset--spacing--30);padding-left:var(--wp--preset--spacing--30);flex-basis:50%\">\n<figure class=\"wp-block-image size-full is-resized has-custom-border\"><img data-recalc-dims=\"1\" loading=\"lazy\" decoding=\"async\" width=\"950\" height=\"633\" data-attachment-id=\"484\" data-permalink=\"https:\/\/engelundherz.de\/?attachment_id=484\" data-orig-file=\"https:\/\/i0.wp.com\/engelundherz.de\/wp-content\/uploads\/2025\/07\/bce91732-7a58-472c-bdfa-a052c1184ed3-1-e1751544854925.png?fit=950%2C633&amp;ssl=1\" data-orig-size=\"950,633\" data-comments-opened=\"1\" data-image-meta=\"{&quot;aperture&quot;:&quot;0&quot;,&quot;credit&quot;:&quot;&quot;,&quot;camera&quot;:&quot;&quot;,&quot;caption&quot;:&quot;&quot;,&quot;created_timestamp&quot;:&quot;0&quot;,&quot;copyright&quot;:&quot;&quot;,&quot;focal_length&quot;:&quot;0&quot;,&quot;iso&quot;:&quot;0&quot;,&quot;shutter_speed&quot;:&quot;0&quot;,&quot;title&quot;:&quot;&quot;,&quot;orientation&quot;:&quot;0&quot;}\" data-image-title=\"bce91732-7a58-472c-bdfa-a052c1184ed3-1.png\" data-image-description=\"\" data-image-caption=\"\" data-large-file=\"https:\/\/i0.wp.com\/engelundherz.de\/wp-content\/uploads\/2025\/07\/bce91732-7a58-472c-bdfa-a052c1184ed3-1-e1751544854925.png?fit=1024%2C683&amp;ssl=1\" src=\"https:\/\/i0.wp.com\/engelundherz.de\/wp-content\/uploads\/2025\/07\/bce91732-7a58-472c-bdfa-a052c1184ed3-1-e1751544854925.png?resize=950%2C633&#038;ssl=1\" alt=\"\" class=\"wp-image-484\" style=\"border-radius:24px;width:363px\"\/><\/figure>\n\n\n\n<hr class=\"wp-block-separator has-alpha-channel-opacity\"\/>\n\n\n\n<h3 class=\"wp-block-heading has-text-align-left has-neve-text-color-color has-text-color\">\ud83d\udc99 KOMFORT-ABO<\/h3>\n\n\n\n<p class=\"has-text-align-left has-neve-text-color-color has-text-color\">\ud83d\udc99 ABO \u2013 2 Std. w\u00f6chentlich einkaufen<br>\u2022 8 Stunden pro Monat<br>\u2022 An- und Abfahrt inklusive*<br>\u2022 Individuelle Einkaufsliste<br>\u2022 Auf Wunsch: Begleitung m\u00f6glich<br>\ud83d\udcc5 Preis: 219\u202f\u20ac \/ Monat<\/p>\n\n\n\n<p class=\"has-text-align-left has-neve-text-color-color has-text-color\"><\/p>\n\n\n\n<div class=\"wp-block-buttons has-custom-font-size has-small-font-size is-content-justification-left is-layout-flex wp-container-core-buttons-is-layout-fdcfc74e wp-block-buttons-is-layout-flex\">\n<div class=\"wp-block-button is-style-default\"><a class=\"wp-block-button__link has-nv-text-dark-bg-color has-neve-link-color-background-color has-text-color has-background has-link-color has-custom-font-size wp-element-button\" href=\"https:\/\/engelundherz.de\/?page_id=361\" style=\"font-size:16px\">los<\/a><\/div>\n<\/div>\n\n\n\n<div style=\"height:40px\" aria-hidden=\"true\" class=\"wp-block-spacer\"><\/div>\n<\/div>\n<\/div>\n\n\n\n<p class=\"has-nv-dark-bg-color has-text-color has-link-color wp-elements-8e47168c13057f0da34d2e2f73bad914\"><\/p>\n\n\n\n<p class=\"has-text-align-left has-nv-dark-bg-color has-text-color has-link-color wp-elements-8bd99b9cf4cd64a599867d4963774d76\">\u2705 Ihre Vorteile<br>\u2022 Planbare Kosten &amp; feste Ansprechpartner<br>\u2022 Zeitersparnis &amp; weniger Stress im Alltag<br>\u2022 Anfahrt bis 20 Km: inklusive. Jeder weitere km: +0,50 \u20ac<br>\u2022 Monatlich k\u00fcndbar<\/p>\n\n\n\n<p><\/p>\n\n\n\n<p><\/p>\n\n\n\n<p><\/p>\n<\/div><\/div>\n<\/div><\/div>\n\n\n\n<div style=\"height:50px\" aria-hidden=\"true\" class=\"wp-block-spacer\"><\/div>\n\n\n\r\n<div \r\n\tclass=\"noPrint align wp-block-ppb-print-page\"\tid='ppbPrintPage-1' \r\n\tdata-attributes='{&quot;cId&quot;:&quot;e4642bd9-1&quot;,&quot;alignment&quot;:&quot;left&quot;,&quot;btnColors&quot;:{&quot;color&quot;:&quot;#4527a4&quot;,&quot;bg&quot;:&quot;var(--nv-site-bg)&quot;},&quot;align&quot;:&quot;&quot;,&quot;buttonVariant&quot;:&quot;default&quot;,&quot;isPrintSection&quot;:false,&quot;sectionSelector&quot;:&quot;&quot;,&quot;isModal&quot;:false,&quot;isHeaderFooter&quot;:true,&quot;isBackground&quot;:false,&quot;isLayout&quot;:false,&quot;removeSelectors&quot;:&quot;&quot;,&quot;isIcon&quot;:true,&quot;icon&quot;:{&quot;type&quot;:&quot;default&quot;,&quot;default&quot;:&quot;fcPrinter&quot;,&quot;url&quot;:&quot;&quot;},&quot;isText&quot;:true,&quot;btnText&quot;:&quot;Print&quot;,&quot;btnTypo&quot;:{&quot;fontSize&quot;:{&quot;desktop&quot;:22,&quot;tablet&quot;:20,&quot;mobile&quot;:18}},&quot;btnHoverColors&quot;:{&quot;color&quot;:&quot;#4527a4&quot;,&quot;bg&quot;:&quot;#4527a433&quot;},&quot;btnPadding&quot;:{&quot;vertical&quot;:&quot;5px&quot;,&quot;horizontal&quot;:&quot;15px&quot;},&quot;btnBorder&quot;:{&quot;radius&quot;:&quot;5px&quot;},&quot;btnShadow&quot;:[],&quot;hoverBtnShadow&quot;:[]}'\r\n>\r\n<\/div>\r\n\n\n\n<div style=\"height:50px\" aria-hidden=\"true\" class=\"wp-block-spacer\"><\/div>\n\n\n\n<div class=\"wp-block-cover alignfull\" style=\"min-height:300px;aspect-ratio:unset;\"><span aria-hidden=\"true\" class=\"wp-block-cover__background has-neve-link-color-background-color has-background-dim-100 has-background-dim\"><\/span><div class=\"wp-block-cover__inner-container is-layout-flow wp-block-cover-is-layout-flow\">\n<div style=\"height:140px\" aria-hidden=\"true\" class=\"wp-block-spacer\"><\/div>\n\n\n\n<div class=\"wp-block-columns is-layout-flex wp-container-core-columns-is-layout-9d6595d7 wp-block-columns-is-layout-flex\">\n<div class=\"wp-block-column is-layout-flow wp-block-column-is-layout-flow\" style=\"flex-basis:20%\"><\/div>\n\n\n\n<div class=\"wp-block-column is-layout-flow wp-block-column-is-layout-flow\" style=\"flex-basis:60%\">\n<div class=\"wp-block-group\"><div class=\"wp-block-group__inner-container is-layout-constrained wp-block-group-is-layout-constrained\">\n<h2 class=\"wp-block-heading has-text-align-center has-nv-text-dark-bg-color has-text-color\">\u201eJeder Mensch verdient Unterst\u00fctzung \u2013 mit W\u00fcrde, W\u00e4rme und einem L\u00e4cheln.\u201c<\/h2>\n\n\n\n<div class=\"wp-block-buttons is-horizontal is-content-justification-center is-layout-flex wp-container-core-buttons-is-layout-499968f5 wp-block-buttons-is-layout-flex\">\n<div class=\"wp-block-button is-style-primary\"><a class=\"wp-block-button__link has-neve-link-color-color has-text-color has-background has-link-color wp-element-button\" href=\"https:\/\/engelundherz.de\/?page_id=361\" style=\"background-color:#ffffff\">Los<\/a><\/div>\n<\/div>\n<\/div><\/div>\n<\/div>\n\n\n\n<div class=\"wp-block-column is-layout-flow wp-block-column-is-layout-flow\" style=\"flex-basis:20%\"><\/div>\n<\/div>\n\n\n\n<div style=\"height:140px\" aria-hidden=\"true\" class=\"wp-block-spacer\"><\/div>\n<\/div><\/div>\n\n\n\n<p><\/p>\n","protected":false},"excerpt":{"rendered":"<p>Individuelle Alltagshilfe mit Herz \u2013 pers\u00f6nlich, zuverl\u00e4ssig und nah f\u00fcr Menschen in jeder Lebenslage. Warum ein Abo? Viele Menschen ben\u00f6tigen regelm\u00e4\u00dfig Unterst\u00fctzung \u2013 nicht nur einmal im Monat. Mit unserem Abo-Modell bieten wir Ihnen planbare Hilfe, mehr Komfort und faire Konditionen.<\/p>\n","protected":false},"author":1,"featured_media":0,"parent":0,"menu_order":0,"comment_status":"closed","ping_status":"closed","template":"","meta":{"neve_meta_sidebar":"","neve_meta_container":"","neve_meta_enable_content_width":"","neve_meta_content_width":0,"neve_meta_title_alignment":"","neve_meta_author_avatar":"","neve_post_elements_order":"","neve_meta_disable_header":"","neve_meta_disable_footer":"","neve_meta_disable_title":"","advanced_seo_description":"","jetpack_seo_html_title":"","jetpack_seo_noindex":false,"jetpack_post_was_ever_published":false,"footnotes":""},"class_list":["post-509","page","type-page","status-publish","hentry"],"jetpack_sharing_enabled":true,"_links":{"self":[{"href":"https:\/\/engelundherz.de\/index.php?rest_route=\/wp\/v2\/pages\/509","targetHints":{"allow":["GET"]}}],"collection":[{"href":"https:\/\/engelundherz.de\/index.php?rest_route=\/wp\/v2\/pages"}],"about":[{"href":"https:\/\/engelundherz.de\/index.php?rest_route=\/wp\/v2\/types\/page"}],"author":[{"embeddable":true,"href":"https:\/\/engelundherz.de\/index.php?rest_route=\/wp\/v2\/users\/1"}],"replies":[{"embeddable":true,"href":"https:\/\/engelundherz.de\/index.php?rest_route=%2Fwp%2Fv2%2Fcomments&post=509"}],"version-history":[{"count":36,"href":"https:\/\/engelundherz.de\/index.php?rest_route=\/wp\/v2\/pages\/509\/revisions"}],"predecessor-version":[{"id":687,"href":"https:\/\/engelundherz.de\/index.php?rest_route=\/wp\/v2\/pages\/509\/revisions\/687"}],"wp:attachment":[{"href":"https:\/\/engelundherz.de\/index.php?rest_route=%2Fwp%2Fv2%2Fmedia&parent=509"}],"curies":[{"name":"wp","href":"https:\/\/api.w.org\/{rel}","templated":true}]}}