{"id":601,"date":"2025-07-05T05:44:06","date_gmt":"2025-07-05T05:44:06","guid":{"rendered":"http:\/\/engelundherz.de\/?page_id=601"},"modified":"2025-07-05T09:12:53","modified_gmt":"2025-07-05T09:12:53","slug":"tolle-aktion-fuer-unsere-neukunden","status":"publish","type":"page","link":"https:\/\/engelundherz.de\/?page_id=601","title":{"rendered":"Tolle Aktion f\u00fcr unsere Neukunden!"},"content":{"rendered":"\n<div style=\"height:100px\" aria-hidden=\"true\" class=\"wp-block-spacer\"><\/div>\n\n\n\n<div class=\"wp-block-media-text is-stacked-on-mobile\"><figure class=\"wp-block-media-text__media\"><img data-recalc-dims=\"1\" loading=\"lazy\" decoding=\"async\" width=\"1024\" height=\"1536\" data-attachment-id=\"602\" data-permalink=\"https:\/\/engelundherz.de\/?attachment_id=602\" data-orig-file=\"https:\/\/i0.wp.com\/engelundherz.de\/wp-content\/uploads\/2025\/07\/de253a6e-42db-4be5-ad7e-eea1041e562f-1.png?fit=1024%2C1536&amp;ssl=1\" data-orig-size=\"1024,1536\" data-comments-opened=\"1\" data-image-meta=\"{&quot;aperture&quot;:&quot;0&quot;,&quot;credit&quot;:&quot;&quot;,&quot;camera&quot;:&quot;&quot;,&quot;caption&quot;:&quot;&quot;,&quot;created_timestamp&quot;:&quot;0&quot;,&quot;copyright&quot;:&quot;&quot;,&quot;focal_length&quot;:&quot;0&quot;,&quot;iso&quot;:&quot;0&quot;,&quot;shutter_speed&quot;:&quot;0&quot;,&quot;title&quot;:&quot;&quot;,&quot;orientation&quot;:&quot;0&quot;}\" data-image-title=\"de253a6e-42db-4be5-ad7e-eea1041e562f-1.png\" data-image-description=\"\" data-image-caption=\"\" data-large-file=\"https:\/\/i0.wp.com\/engelundherz.de\/wp-content\/uploads\/2025\/07\/de253a6e-42db-4be5-ad7e-eea1041e562f-1.png?fit=683%2C1024&amp;ssl=1\" src=\"https:\/\/i0.wp.com\/engelundherz.de\/wp-content\/uploads\/2025\/07\/de253a6e-42db-4be5-ad7e-eea1041e562f-1.png?resize=1024%2C1536&#038;ssl=1\" alt=\"\" class=\"wp-image-602 size-full\" srcset=\"https:\/\/i0.wp.com\/engelundherz.de\/wp-content\/uploads\/2025\/07\/de253a6e-42db-4be5-ad7e-eea1041e562f-1.png?w=1024&amp;ssl=1 1024w, https:\/\/i0.wp.com\/engelundherz.de\/wp-content\/uploads\/2025\/07\/de253a6e-42db-4be5-ad7e-eea1041e562f-1.png?resize=200%2C300&amp;ssl=1 200w\" sizes=\"auto, (max-width: 1024px) 100vw, 1024px\" \/><\/figure><div class=\"wp-block-media-text__content\">\n<p>Jetzt Neu bei Engel &amp; Herz? Dann haben wir etwas Besonderes f\u00fcr Sie:<br>Profitieren Sie von 10 % Willkommensrabatt auf Ihre erste Buchung!<\/p>\n\n\n\n<p>Einfach \u2013 herzlich \u2013 zuverl\u00e4ssig.<br>Engel &amp; Herz unterst\u00fctzt Sie im Alltag mit Herz und Verstand.<\/p>\n\n\n\n<p>Jetzt unverbindlich Kontakt aufnehmen und sparen!<\/p>\n<\/div><\/div>\n\n\n\n<div style=\"height:50px\" aria-hidden=\"true\" class=\"wp-block-spacer\"><\/div>\n\n\n\n<div style=\"height:100px\" aria-hidden=\"true\" class=\"wp-block-spacer\"><\/div>\n\n\n\n<div class=\"wp-block-media-text has-media-on-the-right is-stacked-on-mobile\"><div class=\"wp-block-media-text__content\">\n<p><strong>Willkommensgeschenk f\u00fcr unsere Neukunden!<\/strong><br>Nutzen Sie Ihren exklusiven Engel &amp; Herz-Coupon und sparen Sie bei Ihrer ersten Buchung!<br>\ud83d\udc99 10 % Rabatt auf unsere liebevollen Services rund um Einkauf, Garten &amp; Alltagshilfe.<br>Einfach. Menschlich. Verl\u00e4sslich.<\/p>\n\n\n\n<p><strong>Jetzt einl\u00f6sen und Herzenshilfe erleben!<\/strong><\/p>\n<\/div><figure class=\"wp-block-media-text__media\"><img data-recalc-dims=\"1\" loading=\"lazy\" decoding=\"async\" width=\"1024\" height=\"1024\" data-attachment-id=\"600\" data-permalink=\"https:\/\/engelundherz.de\/?attachment_id=600\" data-orig-file=\"https:\/\/i0.wp.com\/engelundherz.de\/wp-content\/uploads\/2025\/07\/70e72d53-99d4-430b-a6d7-c006f12489b1-1.png?fit=1024%2C1024&amp;ssl=1\" data-orig-size=\"1024,1024\" data-comments-opened=\"1\" data-image-meta=\"{&quot;aperture&quot;:&quot;0&quot;,&quot;credit&quot;:&quot;&quot;,&quot;camera&quot;:&quot;&quot;,&quot;caption&quot;:&quot;&quot;,&quot;created_timestamp&quot;:&quot;0&quot;,&quot;copyright&quot;:&quot;&quot;,&quot;focal_length&quot;:&quot;0&quot;,&quot;iso&quot;:&quot;0&quot;,&quot;shutter_speed&quot;:&quot;0&quot;,&quot;title&quot;:&quot;&quot;,&quot;orientation&quot;:&quot;0&quot;}\" data-image-title=\"70e72d53-99d4-430b-a6d7-c006f12489b1-1.png\" data-image-description=\"\" data-image-caption=\"\" data-large-file=\"https:\/\/i0.wp.com\/engelundherz.de\/wp-content\/uploads\/2025\/07\/70e72d53-99d4-430b-a6d7-c006f12489b1-1.png?fit=1024%2C1024&amp;ssl=1\" src=\"https:\/\/i0.wp.com\/engelundherz.de\/wp-content\/uploads\/2025\/07\/70e72d53-99d4-430b-a6d7-c006f12489b1-1.png?resize=1024%2C1024&#038;ssl=1\" alt=\"\" class=\"wp-image-600 size-full\" srcset=\"https:\/\/i0.wp.com\/engelundherz.de\/wp-content\/uploads\/2025\/07\/70e72d53-99d4-430b-a6d7-c006f12489b1-1.png?w=1024&amp;ssl=1 1024w, https:\/\/i0.wp.com\/engelundherz.de\/wp-content\/uploads\/2025\/07\/70e72d53-99d4-430b-a6d7-c006f12489b1-1.png?resize=300%2C300&amp;ssl=1 300w, https:\/\/i0.wp.com\/engelundherz.de\/wp-content\/uploads\/2025\/07\/70e72d53-99d4-430b-a6d7-c006f12489b1-1.png?resize=150%2C150&amp;ssl=1 150w, https:\/\/i0.wp.com\/engelundherz.de\/wp-content\/uploads\/2025\/07\/70e72d53-99d4-430b-a6d7-c006f12489b1-1.png?resize=768%2C768&amp;ssl=1 768w\" sizes=\"auto, (max-width: 1024px) 100vw, 1024px\" \/><\/figure><\/div>\n\n\n\n<div style=\"height:100px\" aria-hidden=\"true\" class=\"wp-block-spacer\"><\/div>\n\n\n\r\n<div \r\n\tclass=\"noPrint align wp-block-ppb-print-page\"\tid='ppbPrintPage-1' \r\n\tdata-attributes='{&quot;cId&quot;:&quot;defc3d0d-f&quot;,&quot;alignment&quot;:&quot;left&quot;,&quot;btnColors&quot;:{&quot;color&quot;:&quot;var(--nv-primary-accent)&quot;,&quot;bg&quot;:&quot;var(--nv-site-bg)&quot;,&quot;bgType&quot;:&quot;solid&quot;},&quot;align&quot;:&quot;&quot;,&quot;buttonVariant&quot;:&quot;default&quot;,&quot;isPrintSection&quot;:false,&quot;sectionSelector&quot;:&quot;&quot;,&quot;isModal&quot;:false,&quot;isHeaderFooter&quot;:true,&quot;isBackground&quot;:false,&quot;isLayout&quot;:false,&quot;removeSelectors&quot;:&quot;&quot;,&quot;isIcon&quot;:true,&quot;icon&quot;:{&quot;type&quot;:&quot;default&quot;,&quot;default&quot;:&quot;fcPrinter&quot;,&quot;url&quot;:&quot;&quot;},&quot;isText&quot;:true,&quot;btnText&quot;:&quot;Print&quot;,&quot;btnTypo&quot;:{&quot;fontSize&quot;:{&quot;desktop&quot;:22,&quot;tablet&quot;:20,&quot;mobile&quot;:18}},&quot;btnHoverColors&quot;:{&quot;color&quot;:&quot;#4527a4&quot;,&quot;bg&quot;:&quot;#4527a433&quot;},&quot;btnPadding&quot;:{&quot;vertical&quot;:&quot;5px&quot;,&quot;horizontal&quot;:&quot;15px&quot;},&quot;btnBorder&quot;:{&quot;radius&quot;:&quot;5px&quot;},&quot;btnShadow&quot;:[],&quot;hoverBtnShadow&quot;:[]}'\r\n>\r\n<\/div>\r\n\n\n\n<p><\/p>\n","protected":false},"excerpt":{"rendered":"<p>Jetzt Neu bei Engel &amp; Herz? Dann haben wir etwas Besonderes f\u00fcr Sie:Profitieren Sie von 10 % Willkommensrabatt auf Ihre erste Buchung! Einfach \u2013 herzlich \u2013 zuverl\u00e4ssig.Engel &amp; Herz unterst\u00fctzt Sie im Alltag mit Herz und Verstand. Jetzt unverbindlich Kontakt aufnehmen und sparen! Willkommensgeschenk f\u00fcr unsere Neukunden!Nutzen Sie Ihren exklusiven Engel &amp; Herz-Coupon und sparen&hellip;&nbsp;<\/p>\n","protected":false},"author":1,"featured_media":0,"parent":0,"menu_order":0,"comment_status":"closed","ping_status":"closed","template":"","meta":{"neve_meta_sidebar":"","neve_meta_container":"","neve_meta_enable_content_width":"","neve_meta_content_width":0,"neve_meta_title_alignment":"","neve_meta_author_avatar":"","neve_post_elements_order":"","neve_meta_disable_header":"","neve_meta_disable_footer":"","neve_meta_disable_title":"","advanced_seo_description":"","jetpack_seo_html_title":"","jetpack_seo_noindex":false,"jetpack_post_was_ever_published":false,"footnotes":""},"class_list":["post-601","page","type-page","status-publish","hentry"],"jetpack_sharing_enabled":true,"_links":{"self":[{"href":"https:\/\/engelundherz.de\/index.php?rest_route=\/wp\/v2\/pages\/601","targetHints":{"allow":["GET"]}}],"collection":[{"href":"https:\/\/engelundherz.de\/index.php?rest_route=\/wp\/v2\/pages"}],"about":[{"href":"https:\/\/engelundherz.de\/index.php?rest_route=\/wp\/v2\/types\/page"}],"author":[{"embeddable":true,"href":"https:\/\/engelundherz.de\/index.php?rest_route=\/wp\/v2\/users\/1"}],"replies":[{"embeddable":true,"href":"https:\/\/engelundherz.de\/index.php?rest_route=%2Fwp%2Fv2%2Fcomments&post=601"}],"version-history":[{"count":10,"href":"https:\/\/engelundherz.de\/index.php?rest_route=\/wp\/v2\/pages\/601\/revisions"}],"predecessor-version":[{"id":642,"href":"https:\/\/engelundherz.de\/index.php?rest_route=\/wp\/v2\/pages\/601\/revisions\/642"}],"wp:attachment":[{"href":"https:\/\/engelundherz.de\/index.php?rest_route=%2Fwp%2Fv2%2Fmedia&parent=601"}],"curies":[{"name":"wp","href":"https:\/\/api.w.org\/{rel}","templated":true}]}}